{"id":5293,"date":"2023-07-12T22:41:23","date_gmt":"2023-07-12T20:41:23","guid":{"rendered":"https:\/\/www.qevtech.com\/?page_id=5293"},"modified":"2023-10-17T14:55:04","modified_gmt":"2023-10-17T12:55:04","slug":"aviso-legal","status":"publish","type":"page","link":"https:\/\/www.qevtech.com\/es\/aviso-legal","title":{"rendered":"Aviso Legal"},"content":{"rendered":"\t\t<div data-elementor-type=\"wp-page\" data-elementor-id=\"5293\" class=\"elementor elementor-5293\" data-elementor-post-type=\"page\">\n\t\t\t\t\t\t\t\t\t<section class=\"elementor-section elementor-top-section elementor-element elementor-element-0265abd elementor-section-boxed elementor-section-height-default elementor-section-height-default\" data-id=\"0265abd\" data-element_type=\"section\">\n\t\t\t\t\t\t<div class=\"elementor-container elementor-column-gap-default\">\n\t\t\t\t\t<div class=\"elementor-column elementor-col-100 elementor-top-column elementor-element elementor-element-9aa436b\" data-id=\"9aa436b\" data-element_type=\"column\">\n\t\t\t<div class=\"elementor-widget-wrap elementor-element-populated\">\n\t\t\t\t\t\t\t\t<div class=\"elementor-element elementor-element-1097ed4 elementor-widget-divider--view-line elementor-widget elementor-widget-divider\" data-id=\"1097ed4\" data-element_type=\"widget\" data-widget_type=\"divider.default\">\n\t\t\t\t<div class=\"elementor-widget-container\">\n\t\t\t<style>\/*! elementor - v3.14.0 - 26-06-2023 *\/\n.elementor-widget-divider{--divider-border-style:none;--divider-border-width:1px;--divider-color:#0c0d0e;--divider-icon-size:20px;--divider-element-spacing:10px;--divider-pattern-height:24px;--divider-pattern-size:20px;--divider-pattern-url:none;--divider-pattern-repeat:repeat-x}.elementor-widget-divider .elementor-divider{display:flex}.elementor-widget-divider .elementor-divider__text{font-size:15px;line-height:1;max-width:95%}.elementor-widget-divider .elementor-divider__element{margin:0 var(--divider-element-spacing);flex-shrink:0}.elementor-widget-divider .elementor-icon{font-size:var(--divider-icon-size)}.elementor-widget-divider .elementor-divider-separator{display:flex;margin:0;direction:ltr}.elementor-widget-divider--view-line_icon .elementor-divider-separator,.elementor-widget-divider--view-line_text .elementor-divider-separator{align-items:center}.elementor-widget-divider--view-line_icon .elementor-divider-separator:after,.elementor-widget-divider--view-line_icon .elementor-divider-separator:before,.elementor-widget-divider--view-line_text .elementor-divider-separator:after,.elementor-widget-divider--view-line_text .elementor-divider-separator:before{display:block;content:\"\";border-bottom:0;flex-grow:1;border-top:var(--divider-border-width) var(--divider-border-style) var(--divider-color)}.elementor-widget-divider--element-align-left .elementor-divider .elementor-divider-separator>.elementor-divider__svg:first-of-type{flex-grow:0;flex-shrink:100}.elementor-widget-divider--element-align-left .elementor-divider-separator:before{content:none}.elementor-widget-divider--element-align-left .elementor-divider__element{margin-left:0}.elementor-widget-divider--element-align-right .elementor-divider .elementor-divider-separator>.elementor-divider__svg:last-of-type{flex-grow:0;flex-shrink:100}.elementor-widget-divider--element-align-right .elementor-divider-separator:after{content:none}.elementor-widget-divider--element-align-right .elementor-divider__element{margin-right:0}.elementor-widget-divider:not(.elementor-widget-divider--view-line_text):not(.elementor-widget-divider--view-line_icon) .elementor-divider-separator{border-top:var(--divider-border-width) var(--divider-border-style) var(--divider-color)}.elementor-widget-divider--separator-type-pattern{--divider-border-style:none}.elementor-widget-divider--separator-type-pattern.elementor-widget-divider--view-line .elementor-divider-separator,.elementor-widget-divider--separator-type-pattern:not(.elementor-widget-divider--view-line) .elementor-divider-separator:after,.elementor-widget-divider--separator-type-pattern:not(.elementor-widget-divider--view-line) .elementor-divider-separator:before,.elementor-widget-divider--separator-type-pattern:not([class*=elementor-widget-divider--view]) .elementor-divider-separator{width:100%;min-height:var(--divider-pattern-height);-webkit-mask-size:var(--divider-pattern-size) 100%;mask-size:var(--divider-pattern-size) 100%;-webkit-mask-repeat:var(--divider-pattern-repeat);mask-repeat:var(--divider-pattern-repeat);background-color:var(--divider-color);-webkit-mask-image:var(--divider-pattern-url);mask-image:var(--divider-pattern-url)}.elementor-widget-divider--no-spacing{--divider-pattern-size:auto}.elementor-widget-divider--bg-round{--divider-pattern-repeat:round}.rtl .elementor-widget-divider .elementor-divider__text{direction:rtl}.e-con-inner>.elementor-widget-divider,.e-con>.elementor-widget-divider{width:var(--container-widget-width,100%);--flex-grow:var(--container-widget-flex-grow)}<\/style>\t\t<div class=\"elementor-divider\">\n\t\t\t<span class=\"elementor-divider-separator\">\n\t\t\t\t\t\t<\/span>\n\t\t<\/div>\n\t\t\t\t<\/div>\n\t\t\t\t<\/div>\n\t\t\t\t<div class=\"elementor-element elementor-element-dac0b67 elementor-widget elementor-widget-breadcrumbs\" data-id=\"dac0b67\" data-element_type=\"widget\" data-widget_type=\"breadcrumbs.default\">\n\t\t\t\t<div class=\"elementor-widget-container\">\n\t\t\t<link rel=\"stylesheet\" href=\"http:\/\/www.qevtech.com\/wp-content\/plugins\/elementor-pro\/assets\/css\/widget-theme-elements.min.css\"><p id=\"breadcrumbs\"><span><span><a href=\"https:\/\/www.qevtech.com\/es\">Home<\/a><\/span><\/span><\/p>\t\t<\/div>\n\t\t\t\t<\/div>\n\t\t\t\t<div class=\"elementor-element elementor-element-75eeb5a elementor-widget elementor-widget-text-editor\" data-id=\"75eeb5a\" data-element_type=\"widget\" data-widget_type=\"text-editor.default\">\n\t\t\t\t<div class=\"elementor-widget-container\">\n\t\t\t<style>\/*! elementor - v3.14.0 - 26-06-2023 *\/\n.elementor-widget-text-editor.elementor-drop-cap-view-stacked .elementor-drop-cap{background-color:#69727d;color:#fff}.elementor-widget-text-editor.elementor-drop-cap-view-framed .elementor-drop-cap{color:#69727d;border:3px solid;background-color:transparent}.elementor-widget-text-editor:not(.elementor-drop-cap-view-default) .elementor-drop-cap{margin-top:8px}.elementor-widget-text-editor:not(.elementor-drop-cap-view-default) .elementor-drop-cap-letter{width:1em;height:1em}.elementor-widget-text-editor .elementor-drop-cap{float:left;text-align:center;line-height:1;font-size:50px}.elementor-widget-text-editor .elementor-drop-cap-letter{display:inline-block}<\/style>\t\t\t\t<p>De acuerdo a lo establecido en la Ley 34\/2002, de 11 de julio, de servicios de la sociedad de la informaci\u00f3n y de comercio electr\u00f3nico, le proporcionamos los datos identificativas del titular de esta este dominio \u2013y sus subdominios\u2014 (la web, en adelante):<\/p><p>Denominaci\u00f3n Social: QEV TECHNOLOGIES S.L.<br \/>CIF: B-98585714<br \/>Domicilio social: c\/ Rec del Molinar 11, 08160 Montmel\u00f3, Barcelona<br \/>E-mail: info@qevtech.com<br \/>Inscrita en el Registro Mercantil de Valencia, Tomo 9723, Folio 165, Hoja V-157150.<\/p>\t\t\t\t\t\t<\/div>\n\t\t\t\t<\/div>\n\t\t\t\t<div class=\"elementor-element elementor-element-414f83b elementor-widget elementor-widget-heading\" data-id=\"414f83b\" data-element_type=\"widget\" data-widget_type=\"heading.default\">\n\t\t\t\t<div class=\"elementor-widget-container\">\n\t\t\t<style>\/*! elementor - v3.14.0 - 26-06-2023 *\/\n.elementor-heading-title{padding:0;margin:0;line-height:1}.elementor-widget-heading .elementor-heading-title[class*=elementor-size-]>a{color:inherit;font-size:inherit;line-height:inherit}.elementor-widget-heading .elementor-heading-title.elementor-size-small{font-size:15px}.elementor-widget-heading .elementor-heading-title.elementor-size-medium{font-size:19px}.elementor-widget-heading .elementor-heading-title.elementor-size-large{font-size:29px}.elementor-widget-heading .elementor-heading-title.elementor-size-xl{font-size:39px}.elementor-widget-heading .elementor-heading-title.elementor-size-xxl{font-size:59px}<\/style><h5 class=\"elementor-heading-title elementor-size-default\">Propiedad intelectual e industrial<\/h5>\t\t<\/div>\n\t\t\t\t<\/div>\n\t\t\t\t<div class=\"elementor-element elementor-element-874f25a elementor-widget elementor-widget-text-editor\" data-id=\"874f25a\" data-element_type=\"widget\" data-widget_type=\"text-editor.default\">\n\t\t\t\t<div class=\"elementor-widget-container\">\n\t\t\t\t\t\t\t<p>El dise\u00f1o del portal, los c\u00f3digos fuente, los logos, las marcas, la estructura de navegaci\u00f3n, las bases de datos y todo signo distintivo contenido en el portal <a href=\"http:\/\/www.qevtech.com\">http:\/\/www.qevtech.com <\/a>son titularidad de QEV TECHNOLOGIES S.L. y est\u00e1n protegidos por los correspondientes derechos de propiedad intelectual e industrial. Por tanto, QEV TECHNOLOGIES S.L. como titular, tiene el ejercicio exclusivo de los derechos de explotaci\u00f3n en cualquiera de sus formas, en especial, los derechos de reproducci\u00f3n, distribuci\u00f3n, comunicaci\u00f3n p\u00fablica y transformaci\u00f3n.<\/p><p>QEV TECHNOLOGIES S.L. no hace ni reconoce ninguna cesi\u00f3n de derechos a favor del usuario en relaci\u00f3n a ninguno de los elementos integrantes del portal o sus contenidos.<\/p>\t\t\t\t\t\t<\/div>\n\t\t\t\t<\/div>\n\t\t\t\t<div class=\"elementor-element elementor-element-ef66393 elementor-widget elementor-widget-heading\" data-id=\"ef66393\" data-element_type=\"widget\" data-widget_type=\"heading.default\">\n\t\t\t\t<div class=\"elementor-widget-container\">\n\t\t\t<h5 class=\"elementor-heading-title elementor-size-default\">Responsabilidad de los contenidos\u200b<\/h5>\t\t<\/div>\n\t\t\t\t<\/div>\n\t\t\t\t<div class=\"elementor-element elementor-element-28e44ce elementor-widget elementor-widget-text-editor\" data-id=\"28e44ce\" data-element_type=\"widget\" data-widget_type=\"text-editor.default\">\n\t\t\t\t<div class=\"elementor-widget-container\">\n\t\t\t\t\t\t\tQEV TECHNOLOGIES S.L.se reserva el derecho para realizar cambios en el sitio web con la finalidad de mantener actualizada su informaci\u00f3n, a\u00f1adiendo, modificando, subsanando errores o eliminando los contenidos publicados o el dise\u00f1o de su p\u00e1gina web.\n\nQEV TECHNOLOGIES S.L. no se hace responsable de la legalidad de otros sitios web de terceros desde los que pueda accederse a su p\u00e1gina web. Tampoco puede responder por la legalidad de otros sitios web de terceros con los que pueda vincularse este sitio web.De igual manera, no puede hacerse responsable de los errores de seguridad que puedan producirse ni de los da\u00f1os que puedan causarse al sistema inform\u00e1tico del usuario o a los ficheros o documentos almacenados en \u00e9ste, como consecuencia de: a) la presencia de un virus en el ordenador del usuario que sea utilizado para la conexi\u00f3n a los servicios y contenidos del web; b) un mal funcionamiento del navegador y c) el uso de versiones no actualizadas de \u00e9ste.\n\nQEV TECHNOLOGIES S.L. no puede ser responsable del uso que terceros hagan de la informaci\u00f3n que publique en esta p\u00e1gina web, tampoco de los da\u00f1os sufridos o p\u00e9rdidas econ\u00f3micas que, de manera directa o indirecta, lleguen a producir perjuicios econ\u00f3micos, materiales o sobre datos, provocados por el uso de dicha informaci\u00f3n.<\/span>\t\t\t\t\t\t<\/div>\n\t\t\t\t<\/div>\n\t\t\t\t<div class=\"elementor-element elementor-element-cab5eac elementor-widget elementor-widget-heading\" data-id=\"cab5eac\" data-element_type=\"widget\" data-widget_type=\"heading.default\">\n\t\t\t\t<div class=\"elementor-widget-container\">\n\t\t\t<h5 class=\"elementor-heading-title elementor-size-default\">Reproducci\u00f3n de los contenidos\u200b<\/h5>\t\t<\/div>\n\t\t\t\t<\/div>\n\t\t\t\t<div class=\"elementor-element elementor-element-5f962f7 elementor-widget elementor-widget-text-editor\" data-id=\"5f962f7\" data-element_type=\"widget\" data-widget_type=\"text-editor.default\">\n\t\t\t\t<div class=\"elementor-widget-container\">\n\t\t\t\t\t\t\t<p>Queda prohibida la reproducci\u00f3n total o parcial de los contenidos publicados en esta p\u00e1gina web.El usuario se compromete a utilizar este sitio web, su informaci\u00f3n y contenidos conforme a lo establecido en el presente aviso legal, bajo los criterios de la buena fe y sin contravenir el orden p\u00fablico y la legislaci\u00f3n vigente.Por tanto, el Usuario se abstendr\u00e1 de utilizar cualquiera de los contenidos con fines o efectos il\u00edcitos, prohibidos en este aviso legal, nocivos de los derechos e intereses de terceros o que de cualquier forma pudieran da\u00f1ar, inutilizar, sobrecargar, deteriorar o impedir el uso normal de los servicios contenidos en la p\u00e1gina web.<\/p>\t\t\t\t\t\t<\/div>\n\t\t\t\t<\/div>\n\t\t\t\t<div class=\"elementor-element elementor-element-e7e8167 elementor-widget elementor-widget-heading\" data-id=\"e7e8167\" data-element_type=\"widget\" data-widget_type=\"heading.default\">\n\t\t\t\t<div class=\"elementor-widget-container\">\n\t\t\t<h5 class=\"elementor-heading-title elementor-size-default\">Legislaci\u00f3n aplicable<\/h5>\t\t<\/div>\n\t\t\t\t<\/div>\n\t\t\t\t<div class=\"elementor-element elementor-element-ab0efd7 elementor-widget elementor-widget-text-editor\" data-id=\"ab0efd7\" data-element_type=\"widget\" data-widget_type=\"text-editor.default\">\n\t\t\t\t<div class=\"elementor-widget-container\">\n\t\t\t\t\t\t\t<p>En caso de disputa o conflicto de interpretaci\u00f3n sobre los t\u00e9rminos que conforman este aviso legal, as\u00ed como cualquier cuesti\u00f3n relacionada con los servicios de este sitio web, se estar\u00e1 a lo dispuesto por la legislaci\u00f3n espa\u00f1ola en la materia.<\/p>\t\t\t\t\t\t<\/div>\n\t\t\t\t<\/div>\n\t\t\t\t\t<\/div>\n\t\t<\/div>\n\t\t\t\t\t\t\t<\/div>\n\t\t<\/section>\n\t\t\t\t\t\t\t<\/div>\n\t\t","protected":false},"excerpt":{"rendered":"<p>De acuerdo a lo establecido en la Ley 34\/2002, de 11 de julio, de servicios de la sociedad de la informaci\u00f3n y de comercio electr\u00f3nico, le proporcionamos los datos identificativas del titular de esta este dominio \u2013y sus subdominios\u2014 (la web, en adelante): Denominaci\u00f3n Social: QEV TECHNOLOGIES S.L. CIF: B-98585714 Domicilio social: c\/ Rec del [&hellip;]<\/p>\n","protected":false},"author":2,"featured_media":0,"parent":0,"menu_order":0,"comment_status":"closed","ping_status":"closed","template":"","meta":{"footnotes":""},"class_list":["post-5293","page","type-page","status-publish","hentry"],"acf":[],"yoast_head":"<!-- This site is optimized with the Yoast SEO plugin v20.12 - https:\/\/yoast.com\/wordpress\/plugins\/seo\/ -->\n<title>Aviso Legal - QEV Technologies<\/title>\n<meta name=\"description\" content=\"Aviso legal: Garantizamos el cumplimiento normativo de nuestra p\u00e1gina web. Protegemos tus derechos y transparencia con nuestros servicios y clientes.\" \/>\n<meta name=\"robots\" content=\"index, follow, max-snippet:-1, max-image-preview:large, max-video-preview:-1\" \/>\n<link rel=\"canonical\" href=\"https:\/\/www.qevtech.com\/es\/aviso-legal\" \/>\n<meta property=\"og:locale\" content=\"es_ES\" \/>\n<meta property=\"og:type\" content=\"article\" \/>\n<meta property=\"og:title\" content=\"Aviso Legal - QEV Technologies\" \/>\n<meta property=\"og:description\" content=\"Aviso legal: Garantizamos el cumplimiento normativo de nuestra p\u00e1gina web. Protegemos tus derechos y transparencia con nuestros servicios y clientes.\" \/>\n<meta property=\"og:url\" content=\"https:\/\/www.qevtech.com\/es\/aviso-legal\" \/>\n<meta property=\"og:site_name\" content=\"QEV\" \/>\n<meta property=\"article:modified_time\" content=\"2023-10-17T12:55:04+00:00\" \/>\n<meta name=\"twitter:card\" content=\"summary_large_image\" \/>\n<meta name=\"twitter:label1\" content=\"Tiempo de lectura\" \/>\n\t<meta name=\"twitter:data1\" content=\"3 minutos\" \/>\n<script type=\"application\/ld+json\" class=\"yoast-schema-graph\">{\"@context\":\"https:\/\/schema.org\",\"@graph\":[{\"@type\":\"WebPage\",\"@id\":\"https:\/\/www.qevtech.com\/es\/aviso-legal\",\"url\":\"https:\/\/www.qevtech.com\/es\/aviso-legal\",\"name\":\"Aviso Legal - QEV Technologies\",\"isPartOf\":{\"@id\":\"https:\/\/www.qevtech.com\/es\/#website\"},\"datePublished\":\"2023-07-12T20:41:23+00:00\",\"dateModified\":\"2023-10-17T12:55:04+00:00\",\"description\":\"Aviso legal: Garantizamos el cumplimiento normativo de nuestra p\u00e1gina web. Protegemos tus derechos y transparencia con nuestros servicios y clientes.\",\"breadcrumb\":{\"@id\":\"https:\/\/www.qevtech.com\/es\/aviso-legal#breadcrumb\"},\"inLanguage\":\"es\",\"potentialAction\":[{\"@type\":\"ReadAction\",\"target\":[\"https:\/\/www.qevtech.com\/es\/aviso-legal\"]}]},{\"@type\":\"BreadcrumbList\",\"@id\":\"https:\/\/www.qevtech.com\/es\/aviso-legal#breadcrumb\",\"itemListElement\":[{\"@type\":\"ListItem\",\"position\":1,\"name\":\"Home\",\"item\":\"https:\/\/www.qevtech.com\/es\"},{\"@type\":\"ListItem\",\"position\":2,\"name\":\"Aviso Legal\"}]},{\"@type\":\"WebSite\",\"@id\":\"https:\/\/www.qevtech.com\/es\/#website\",\"url\":\"https:\/\/www.qevtech.com\/es\/\",\"name\":\"QEV\",\"description\":\"Tecnolog\u00eda de vanguardia en movilidad el\u00e9ctrica\",\"potentialAction\":[{\"@type\":\"SearchAction\",\"target\":{\"@type\":\"EntryPoint\",\"urlTemplate\":\"https:\/\/www.qevtech.com\/es\/?s={search_term_string}\"},\"query-input\":\"required name=search_term_string\"}],\"inLanguage\":\"es\"}]}<\/script>\n<!-- \/ Yoast SEO plugin. -->","yoast_head_json":{"title":"Aviso Legal - QEV Technologies","description":"Aviso legal: Garantizamos el cumplimiento normativo de nuestra p\u00e1gina web. Protegemos tus derechos y transparencia con nuestros servicios y clientes.","robots":{"index":"index","follow":"follow","max-snippet":"max-snippet:-1","max-image-preview":"max-image-preview:large","max-video-preview":"max-video-preview:-1"},"canonical":"https:\/\/www.qevtech.com\/es\/aviso-legal","og_locale":"es_ES","og_type":"article","og_title":"Aviso Legal - QEV Technologies","og_description":"Aviso legal: Garantizamos el cumplimiento normativo de nuestra p\u00e1gina web. Protegemos tus derechos y transparencia con nuestros servicios y clientes.","og_url":"https:\/\/www.qevtech.com\/es\/aviso-legal","og_site_name":"QEV","article_modified_time":"2023-10-17T12:55:04+00:00","twitter_card":"summary_large_image","twitter_misc":{"Tiempo de lectura":"3 minutos"},"schema":{"@context":"https:\/\/schema.org","@graph":[{"@type":"WebPage","@id":"https:\/\/www.qevtech.com\/es\/aviso-legal","url":"https:\/\/www.qevtech.com\/es\/aviso-legal","name":"Aviso Legal - QEV Technologies","isPartOf":{"@id":"https:\/\/www.qevtech.com\/es\/#website"},"datePublished":"2023-07-12T20:41:23+00:00","dateModified":"2023-10-17T12:55:04+00:00","description":"Aviso legal: Garantizamos el cumplimiento normativo de nuestra p\u00e1gina web. Protegemos tus derechos y transparencia con nuestros servicios y clientes.","breadcrumb":{"@id":"https:\/\/www.qevtech.com\/es\/aviso-legal#breadcrumb"},"inLanguage":"es","potentialAction":[{"@type":"ReadAction","target":["https:\/\/www.qevtech.com\/es\/aviso-legal"]}]},{"@type":"BreadcrumbList","@id":"https:\/\/www.qevtech.com\/es\/aviso-legal#breadcrumb","itemListElement":[{"@type":"ListItem","position":1,"name":"Home","item":"https:\/\/www.qevtech.com\/es"},{"@type":"ListItem","position":2,"name":"Aviso Legal"}]},{"@type":"WebSite","@id":"https:\/\/www.qevtech.com\/es\/#website","url":"https:\/\/www.qevtech.com\/es\/","name":"QEV","description":"Tecnolog\u00eda de vanguardia en movilidad el\u00e9ctrica","potentialAction":[{"@type":"SearchAction","target":{"@type":"EntryPoint","urlTemplate":"https:\/\/www.qevtech.com\/es\/?s={search_term_string}"},"query-input":"required name=search_term_string"}],"inLanguage":"es"}]}},"_links":{"self":[{"href":"https:\/\/www.qevtech.com\/es\/wp-json\/wp\/v2\/pages\/5293","targetHints":{"allow":["GET"]}}],"collection":[{"href":"https:\/\/www.qevtech.com\/es\/wp-json\/wp\/v2\/pages"}],"about":[{"href":"https:\/\/www.qevtech.com\/es\/wp-json\/wp\/v2\/types\/page"}],"author":[{"embeddable":true,"href":"https:\/\/www.qevtech.com\/es\/wp-json\/wp\/v2\/users\/2"}],"replies":[{"embeddable":true,"href":"https:\/\/www.qevtech.com\/es\/wp-json\/wp\/v2\/comments?post=5293"}],"version-history":[{"count":11,"href":"https:\/\/www.qevtech.com\/es\/wp-json\/wp\/v2\/pages\/5293\/revisions"}],"predecessor-version":[{"id":11688,"href":"https:\/\/www.qevtech.com\/es\/wp-json\/wp\/v2\/pages\/5293\/revisions\/11688"}],"wp:attachment":[{"href":"https:\/\/www.qevtech.com\/es\/wp-json\/wp\/v2\/media?parent=5293"}],"curies":[{"name":"wp","href":"https:\/\/api.w.org\/{rel}","templated":true}]}}