{"id":5301,"date":"2023-07-12T22:50:01","date_gmt":"2023-07-12T20:50:01","guid":{"rendered":"https:\/\/www.qevtech.com\/?page_id=5301"},"modified":"2023-10-17T15:09:09","modified_gmt":"2023-10-17T13:09:09","slug":"politica-de-privacidad","status":"publish","type":"page","link":"http:\/\/www.qevtech.com\/es\/politica-de-privacidad","title":{"rendered":"Pol\u00edtica de Privacidad"},"content":{"rendered":"\t\t<div data-elementor-type=\"wp-page\" data-elementor-id=\"5301\" class=\"elementor elementor-5301\" data-elementor-post-type=\"page\">\n\t\t\t\t\t\t\t\t\t<section class=\"elementor-section elementor-top-section elementor-element elementor-element-40e0c206 elementor-section-boxed elementor-section-height-default elementor-section-height-default\" data-id=\"40e0c206\" data-element_type=\"section\">\n\t\t\t\t\t\t<div class=\"elementor-container elementor-column-gap-default\">\n\t\t\t\t\t<div class=\"elementor-column elementor-col-100 elementor-top-column elementor-element elementor-element-78e1e3cd\" data-id=\"78e1e3cd\" data-element_type=\"column\">\n\t\t\t<div class=\"elementor-widget-wrap elementor-element-populated\">\n\t\t\t\t\t\t\t\t<div class=\"elementor-element elementor-element-52d3e598 elementor-widget-divider--view-line elementor-widget elementor-widget-divider\" data-id=\"52d3e598\" data-element_type=\"widget\" data-widget_type=\"divider.default\">\n\t\t\t\t<div class=\"elementor-widget-container\">\n\t\t\t<style>\/*! elementor - v3.14.0 - 26-06-2023 *\/\n.elementor-widget-divider{--divider-border-style:none;--divider-border-width:1px;--divider-color:#0c0d0e;--divider-icon-size:20px;--divider-element-spacing:10px;--divider-pattern-height:24px;--divider-pattern-size:20px;--divider-pattern-url:none;--divider-pattern-repeat:repeat-x}.elementor-widget-divider .elementor-divider{display:flex}.elementor-widget-divider .elementor-divider__text{font-size:15px;line-height:1;max-width:95%}.elementor-widget-divider .elementor-divider__element{margin:0 var(--divider-element-spacing);flex-shrink:0}.elementor-widget-divider .elementor-icon{font-size:var(--divider-icon-size)}.elementor-widget-divider .elementor-divider-separator{display:flex;margin:0;direction:ltr}.elementor-widget-divider--view-line_icon .elementor-divider-separator,.elementor-widget-divider--view-line_text .elementor-divider-separator{align-items:center}.elementor-widget-divider--view-line_icon .elementor-divider-separator:after,.elementor-widget-divider--view-line_icon .elementor-divider-separator:before,.elementor-widget-divider--view-line_text .elementor-divider-separator:after,.elementor-widget-divider--view-line_text .elementor-divider-separator:before{display:block;content:\"\";border-bottom:0;flex-grow:1;border-top:var(--divider-border-width) var(--divider-border-style) var(--divider-color)}.elementor-widget-divider--element-align-left .elementor-divider .elementor-divider-separator>.elementor-divider__svg:first-of-type{flex-grow:0;flex-shrink:100}.elementor-widget-divider--element-align-left .elementor-divider-separator:before{content:none}.elementor-widget-divider--element-align-left .elementor-divider__element{margin-left:0}.elementor-widget-divider--element-align-right .elementor-divider .elementor-divider-separator>.elementor-divider__svg:last-of-type{flex-grow:0;flex-shrink:100}.elementor-widget-divider--element-align-right .elementor-divider-separator:after{content:none}.elementor-widget-divider--element-align-right .elementor-divider__element{margin-right:0}.elementor-widget-divider:not(.elementor-widget-divider--view-line_text):not(.elementor-widget-divider--view-line_icon) .elementor-divider-separator{border-top:var(--divider-border-width) var(--divider-border-style) var(--divider-color)}.elementor-widget-divider--separator-type-pattern{--divider-border-style:none}.elementor-widget-divider--separator-type-pattern.elementor-widget-divider--view-line .elementor-divider-separator,.elementor-widget-divider--separator-type-pattern:not(.elementor-widget-divider--view-line) .elementor-divider-separator:after,.elementor-widget-divider--separator-type-pattern:not(.elementor-widget-divider--view-line) .elementor-divider-separator:before,.elementor-widget-divider--separator-type-pattern:not([class*=elementor-widget-divider--view]) .elementor-divider-separator{width:100%;min-height:var(--divider-pattern-height);-webkit-mask-size:var(--divider-pattern-size) 100%;mask-size:var(--divider-pattern-size) 100%;-webkit-mask-repeat:var(--divider-pattern-repeat);mask-repeat:var(--divider-pattern-repeat);background-color:var(--divider-color);-webkit-mask-image:var(--divider-pattern-url);mask-image:var(--divider-pattern-url)}.elementor-widget-divider--no-spacing{--divider-pattern-size:auto}.elementor-widget-divider--bg-round{--divider-pattern-repeat:round}.rtl .elementor-widget-divider .elementor-divider__text{direction:rtl}.e-con-inner>.elementor-widget-divider,.e-con>.elementor-widget-divider{width:var(--container-widget-width,100%);--flex-grow:var(--container-widget-flex-grow)}<\/style>\t\t<div class=\"elementor-divider\">\n\t\t\t<span class=\"elementor-divider-separator\">\n\t\t\t\t\t\t<\/span>\n\t\t<\/div>\n\t\t\t\t<\/div>\n\t\t\t\t<\/div>\n\t\t\t\t<div class=\"elementor-element elementor-element-3e15a832 elementor-widget elementor-widget-breadcrumbs\" data-id=\"3e15a832\" data-element_type=\"widget\" data-widget_type=\"breadcrumbs.default\">\n\t\t\t\t<div class=\"elementor-widget-container\">\n\t\t\t<link rel=\"stylesheet\" href=\"http:\/\/www.qevtech.com\/wp-content\/plugins\/elementor-pro\/assets\/css\/widget-theme-elements.min.css\"><p id=\"breadcrumbs\"><span><span><a href=\"https:\/\/www.qevtech.com\/es\">Home<\/a><\/span><\/span><\/p>\t\t<\/div>\n\t\t\t\t<\/div>\n\t\t\t\t<div class=\"elementor-element elementor-element-66dbaed4 elementor-widget elementor-widget-text-editor\" data-id=\"66dbaed4\" data-element_type=\"widget\" data-widget_type=\"text-editor.default\">\n\t\t\t\t<div class=\"elementor-widget-container\">\n\t\t\t<style>\/*! elementor - v3.14.0 - 26-06-2023 *\/\n.elementor-widget-text-editor.elementor-drop-cap-view-stacked .elementor-drop-cap{background-color:#69727d;color:#fff}.elementor-widget-text-editor.elementor-drop-cap-view-framed .elementor-drop-cap{color:#69727d;border:3px solid;background-color:transparent}.elementor-widget-text-editor:not(.elementor-drop-cap-view-default) .elementor-drop-cap{margin-top:8px}.elementor-widget-text-editor:not(.elementor-drop-cap-view-default) .elementor-drop-cap-letter{width:1em;height:1em}.elementor-widget-text-editor .elementor-drop-cap{float:left;text-align:center;line-height:1;font-size:50px}.elementor-widget-text-editor .elementor-drop-cap-letter{display:inline-block}<\/style>\t\t\t\t<p>Conforme a lo establecido en el Reglamento (UE) 2016\/679 del Parlamento Europeo y del Consejo de 27 de abril de 2016 relativo a la protecci\u00f3n de las personas f\u00edsicas en lo que respecta al tratamiento de datos personales y a la libre circulaci\u00f3n de estos datos (RGPD, en adelante) y a la a la Ley Org\u00e1nica 3\/2018, de 5 de diciembre, de Protecci\u00f3n de Datos Personales y garant\u00eda de los derechos digitales (LOPDGDD, en adelante),<br \/><br \/>QEV TECHNOLOGIES S.L. informa a los Usuarios de este dominio \u2013y sus subdominios\u2014 y a cualquier persona que nos contacte por este medio que:<br \/><br \/>Los datos proporcionados a trav\u00e9s de nuestros formularios ser\u00e1n tratados bajo la responsabilidad de QEV TECHNOLOGIES S.L., identificada al inicio del aviso legal, la base que legitima el tratamiento de los datos es el consentimiento del interesado, con la finalidad de dar seguimiento a las solicitudes de informaci\u00f3n formuladas por los usuarios v\u00eda web y gestionar el env\u00edo de nuestra Newsletter.Los datos personales que recogemos pueden categorizarse como datos identificativos \u2013nombre\u2014 o datos de contacto \u2013tel\u00e9fono o correo electr\u00f3nico\u2014, el usuario responde de la veracidad de los mismos y QEV TECHNOLOGIES S.L. se reserva el derecho a rechazar las comunicaciones que hayan facilitado datos falsos o inexactos. Los campos de los formularios se\u00f1alados con asterisco aluden a datos obligatorios porque son los indispensables para satisfacer la finalidad con la que se relacionan, por tanto, la falta de alguno de ellos comporta la imposibilidad del env\u00edo del formulario.<br \/><br \/>Ninguno de esos datos personales ser\u00e1 comunicado a terceros, salvo disposici\u00f3n legal o jurisdiccional o cuando la comunicaci\u00f3n resulte necesaria en relaci\u00f3n con la finalidad del propio tratamiento. Conservaremos los datos mientras subsista la finalidad para la que han sido recabados o hasta que el interesado solicite la supresi\u00f3n de los mismos y, en el caso de las solicitudes de informaci\u00f3n, como m\u00e1ximo por un plazo de dos a\u00f1os.<\/p>\t\t\t\t\t\t<\/div>\n\t\t\t\t<\/div>\n\t\t\t\t<div class=\"elementor-element elementor-element-450ed12e elementor-widget elementor-widget-heading\" data-id=\"450ed12e\" data-element_type=\"widget\" data-widget_type=\"heading.default\">\n\t\t\t\t<div class=\"elementor-widget-container\">\n\t\t\t<style>\/*! elementor - v3.14.0 - 26-06-2023 *\/\n.elementor-heading-title{padding:0;margin:0;line-height:1}.elementor-widget-heading .elementor-heading-title[class*=elementor-size-]>a{color:inherit;font-size:inherit;line-height:inherit}.elementor-widget-heading .elementor-heading-title.elementor-size-small{font-size:15px}.elementor-widget-heading .elementor-heading-title.elementor-size-medium{font-size:19px}.elementor-widget-heading .elementor-heading-title.elementor-size-large{font-size:29px}.elementor-widget-heading .elementor-heading-title.elementor-size-xl{font-size:39px}.elementor-widget-heading .elementor-heading-title.elementor-size-xxl{font-size:59px}<\/style><h5 class=\"elementor-heading-title elementor-size-default\">Derechos del interesado<\/h5>\t\t<\/div>\n\t\t\t\t<\/div>\n\t\t\t\t<div class=\"elementor-element elementor-element-4602993f elementor-widget elementor-widget-text-editor\" data-id=\"4602993f\" data-element_type=\"widget\" data-widget_type=\"text-editor.default\">\n\t\t\t\t<div class=\"elementor-widget-container\">\n\t\t\t\t\t\t\t<p>En todo momento el usuario podr\u00e1 retirar el consentimiento otorgado para el tratamiento de sus datos personales o, cuando proceda, ejercer sus derechos de acceso, rectificaci\u00f3n, supresi\u00f3n y otros previstos en el RGPD, dirigiendo un correo electr\u00f3nico a la direcci\u00f3n electr\u00f3nica previamente indicada, adjuntando fotocopia de su DNI, indicando en el asunto \u00abprotecci\u00f3n de datos\u00bb. Si no estuviera de acuerdo con el tratamiento que realizamos de sus datos personales, puede presentar una reclamaci\u00f3n ante la Agencia Espa\u00f1ola de Protecci\u00f3n de Datos.<\/p>\t\t\t\t\t\t<\/div>\n\t\t\t\t<\/div>\n\t\t\t\t\t<\/div>\n\t\t<\/div>\n\t\t\t\t\t\t\t<\/div>\n\t\t<\/section>\n\t\t\t\t\t\t\t<\/div>\n\t\t","protected":false},"excerpt":{"rendered":"<p>Conforme a lo establecido en el Reglamento (UE) 2016\/679 del Parlamento Europeo y del Consejo de 27 de abril de 2016 relativo a la protecci\u00f3n de las personas f\u00edsicas en lo que respecta al tratamiento de datos personales y a la libre circulaci\u00f3n de estos datos (RGPD, en adelante) y a la a la Ley [&hellip;]<\/p>\n","protected":false},"author":2,"featured_media":0,"parent":0,"menu_order":0,"comment_status":"closed","ping_status":"closed","template":"","meta":{"footnotes":""},"class_list":["post-5301","page","type-page","status-publish","hentry"],"acf":[],"yoast_head":"<!-- This site is optimized with the Yoast SEO plugin v20.12 - https:\/\/yoast.com\/wordpress\/plugins\/seo\/ -->\n<title>Pol\u00edtica de Privacidad - QEV Tech<\/title>\n<meta name=\"description\" content=\"Pol\u00edtica de privacidad: Protegemos los datos de nuestros usuarios. Cumplimos con las regulaciones y aseguramos la seguridad en nuestra web.\" \/>\n<meta name=\"robots\" content=\"index, follow, max-snippet:-1, max-image-preview:large, max-video-preview:-1\" \/>\n<link rel=\"canonical\" href=\"http:\/\/www.qevtech.com\/es\/politica-de-privacidad\" \/>\n<meta property=\"og:locale\" content=\"es_ES\" \/>\n<meta property=\"og:type\" content=\"article\" \/>\n<meta property=\"og:title\" content=\"Pol\u00edtica de Privacidad - QEV Tech\" \/>\n<meta property=\"og:description\" content=\"Pol\u00edtica de privacidad: Protegemos los datos de nuestros usuarios. Cumplimos con las regulaciones y aseguramos la seguridad en nuestra web.\" \/>\n<meta property=\"og:url\" content=\"http:\/\/www.qevtech.com\/es\/politica-de-privacidad\" \/>\n<meta property=\"og:site_name\" content=\"QEV\" \/>\n<meta property=\"article:modified_time\" content=\"2023-10-17T13:09:09+00:00\" \/>\n<meta name=\"twitter:card\" content=\"summary_large_image\" \/>\n<meta name=\"twitter:label1\" content=\"Tiempo de lectura\" \/>\n\t<meta name=\"twitter:data1\" content=\"2 minutos\" \/>\n<script type=\"application\/ld+json\" class=\"yoast-schema-graph\">{\"@context\":\"https:\/\/schema.org\",\"@graph\":[{\"@type\":\"WebPage\",\"@id\":\"http:\/\/www.qevtech.com\/es\/politica-de-privacidad\",\"url\":\"http:\/\/www.qevtech.com\/es\/politica-de-privacidad\",\"name\":\"Pol\u00edtica de Privacidad - QEV Tech\",\"isPartOf\":{\"@id\":\"https:\/\/www.qevtech.com\/es\/#website\"},\"datePublished\":\"2023-07-12T20:50:01+00:00\",\"dateModified\":\"2023-10-17T13:09:09+00:00\",\"description\":\"Pol\u00edtica de privacidad: Protegemos los datos de nuestros usuarios. Cumplimos con las regulaciones y aseguramos la seguridad en nuestra web.\",\"breadcrumb\":{\"@id\":\"http:\/\/www.qevtech.com\/es\/politica-de-privacidad#breadcrumb\"},\"inLanguage\":\"es\",\"potentialAction\":[{\"@type\":\"ReadAction\",\"target\":[\"http:\/\/www.qevtech.com\/es\/politica-de-privacidad\"]}]},{\"@type\":\"BreadcrumbList\",\"@id\":\"http:\/\/www.qevtech.com\/es\/politica-de-privacidad#breadcrumb\",\"itemListElement\":[{\"@type\":\"ListItem\",\"position\":1,\"name\":\"Home\",\"item\":\"https:\/\/www.qevtech.com\/es\"},{\"@type\":\"ListItem\",\"position\":2,\"name\":\"Pol\u00edtica de Privacidad\"}]},{\"@type\":\"WebSite\",\"@id\":\"https:\/\/www.qevtech.com\/es\/#website\",\"url\":\"https:\/\/www.qevtech.com\/es\/\",\"name\":\"QEV\",\"description\":\"Tecnolog\u00eda de vanguardia en movilidad el\u00e9ctrica\",\"potentialAction\":[{\"@type\":\"SearchAction\",\"target\":{\"@type\":\"EntryPoint\",\"urlTemplate\":\"https:\/\/www.qevtech.com\/es\/?s={search_term_string}\"},\"query-input\":\"required name=search_term_string\"}],\"inLanguage\":\"es\"}]}<\/script>\n<!-- \/ Yoast SEO plugin. -->","yoast_head_json":{"title":"Pol\u00edtica de Privacidad - QEV Tech","description":"Pol\u00edtica de privacidad: Protegemos los datos de nuestros usuarios. Cumplimos con las regulaciones y aseguramos la seguridad en nuestra web.","robots":{"index":"index","follow":"follow","max-snippet":"max-snippet:-1","max-image-preview":"max-image-preview:large","max-video-preview":"max-video-preview:-1"},"canonical":"http:\/\/www.qevtech.com\/es\/politica-de-privacidad","og_locale":"es_ES","og_type":"article","og_title":"Pol\u00edtica de Privacidad - QEV Tech","og_description":"Pol\u00edtica de privacidad: Protegemos los datos de nuestros usuarios. Cumplimos con las regulaciones y aseguramos la seguridad en nuestra web.","og_url":"http:\/\/www.qevtech.com\/es\/politica-de-privacidad","og_site_name":"QEV","article_modified_time":"2023-10-17T13:09:09+00:00","twitter_card":"summary_large_image","twitter_misc":{"Tiempo de lectura":"2 minutos"},"schema":{"@context":"https:\/\/schema.org","@graph":[{"@type":"WebPage","@id":"http:\/\/www.qevtech.com\/es\/politica-de-privacidad","url":"http:\/\/www.qevtech.com\/es\/politica-de-privacidad","name":"Pol\u00edtica de Privacidad - QEV Tech","isPartOf":{"@id":"https:\/\/www.qevtech.com\/es\/#website"},"datePublished":"2023-07-12T20:50:01+00:00","dateModified":"2023-10-17T13:09:09+00:00","description":"Pol\u00edtica de privacidad: Protegemos los datos de nuestros usuarios. Cumplimos con las regulaciones y aseguramos la seguridad en nuestra web.","breadcrumb":{"@id":"http:\/\/www.qevtech.com\/es\/politica-de-privacidad#breadcrumb"},"inLanguage":"es","potentialAction":[{"@type":"ReadAction","target":["http:\/\/www.qevtech.com\/es\/politica-de-privacidad"]}]},{"@type":"BreadcrumbList","@id":"http:\/\/www.qevtech.com\/es\/politica-de-privacidad#breadcrumb","itemListElement":[{"@type":"ListItem","position":1,"name":"Home","item":"https:\/\/www.qevtech.com\/es"},{"@type":"ListItem","position":2,"name":"Pol\u00edtica de Privacidad"}]},{"@type":"WebSite","@id":"https:\/\/www.qevtech.com\/es\/#website","url":"https:\/\/www.qevtech.com\/es\/","name":"QEV","description":"Tecnolog\u00eda de vanguardia en movilidad el\u00e9ctrica","potentialAction":[{"@type":"SearchAction","target":{"@type":"EntryPoint","urlTemplate":"https:\/\/www.qevtech.com\/es\/?s={search_term_string}"},"query-input":"required name=search_term_string"}],"inLanguage":"es"}]}},"_links":{"self":[{"href":"http:\/\/www.qevtech.com\/es\/wp-json\/wp\/v2\/pages\/5301","targetHints":{"allow":["GET"]}}],"collection":[{"href":"http:\/\/www.qevtech.com\/es\/wp-json\/wp\/v2\/pages"}],"about":[{"href":"http:\/\/www.qevtech.com\/es\/wp-json\/wp\/v2\/types\/page"}],"author":[{"embeddable":true,"href":"http:\/\/www.qevtech.com\/es\/wp-json\/wp\/v2\/users\/2"}],"replies":[{"embeddable":true,"href":"http:\/\/www.qevtech.com\/es\/wp-json\/wp\/v2\/comments?post=5301"}],"version-history":[{"count":8,"href":"http:\/\/www.qevtech.com\/es\/wp-json\/wp\/v2\/pages\/5301\/revisions"}],"predecessor-version":[{"id":11687,"href":"http:\/\/www.qevtech.com\/es\/wp-json\/wp\/v2\/pages\/5301\/revisions\/11687"}],"wp:attachment":[{"href":"http:\/\/www.qevtech.com\/es\/wp-json\/wp\/v2\/media?parent=5301"}],"curies":[{"name":"wp","href":"https:\/\/api.w.org\/{rel}","templated":true}]}}